{"id":386,"date":"2018-07-31T09:24:57","date_gmt":"2018-07-31T09:24:57","guid":{"rendered":"https:\/\/read-tea-leaves.de\/?page_id=386"},"modified":"2018-07-31T09:30:54","modified_gmt":"2018-07-31T09:30:54","slug":"kontakt","status":"publish","type":"page","link":"https:\/\/read-tea-leaves.de\/?page_id=386&lang=de","title":{"rendered":"Kontakt"},"content":{"rendered":"<p>Du planst eine Feier und m\u00f6chtest deine G\u00e4ste auf&nbsp; die Tanzfl\u00e4che bringen und mit ihnen so richtig rocken, dann sind die Read Tea Leaves die perfekte Wahl!<\/p>\n<h1>Read Tea Leaves<\/h1>\n<p><em>Simrockstr<\/em>.12a<\/p>\n<p><em>DE 80997 M\u00fcnchen<\/em><\/p>\n<p><em>+49 89&nbsp;14&nbsp;32&nbsp;19&nbsp;38<\/em><\/p>\n<p><img loading=\"lazy\" decoding=\"async\" class=\"alignnone size-medium wp-image-196\" src=\"https:\/\/read-tea-leaves.de\/wp-content\/uploads\/2017\/11\/EMailAlsBild-360x270.png\" alt=\"\" width=\"360\" height=\"270\"><img loading=\"lazy\" decoding=\"async\" class=\"alignnone size-medium wp-image-198\" src=\"https:\/\/read-tea-leaves.de\/wp-content\/uploads\/2017\/11\/EMailAlsBild-360x35.png\" alt=\"\" width=\"360\" height=\"35\" srcset=\"https:\/\/read-tea-leaves.de\/wp-content\/uploads\/2017\/11\/EMailAlsBild-360x35.png 360w, https:\/\/read-tea-leaves.de\/wp-content\/uploads\/2017\/11\/EMailAlsBild-768x75.png 768w, https:\/\/read-tea-leaves.de\/wp-content\/uploads\/2017\/11\/EMailAlsBild.png 991w\" sizes=\"auto, (max-width: 360px) 100vw, 360px\" \/><\/p>\n<h1>Standort<\/h1>\n<p><img loading=\"lazy\" decoding=\"async\" class=\"alignnone size-medium wp-image-210\" src=\"https:\/\/read-tea-leaves.de\/wp-content\/uploads\/2017\/11\/Umkreis-360x356.png\" alt=\"\" width=\"360\" height=\"356\" srcset=\"https:\/\/read-tea-leaves.de\/wp-content\/uploads\/2017\/11\/Umkreis-360x356.png 360w, https:\/\/read-tea-leaves.de\/wp-content\/uploads\/2017\/11\/Umkreis.png 426w\" sizes=\"auto, (max-width: 360px) 100vw, 360px\" \/><\/p>\n","protected":false},"excerpt":{"rendered":"<p>Du planst eine Feier und m\u00f6chtest deine G\u00e4ste auf&nbsp; die Tanzfl\u00e4che bringen und mit ihnen so richtig rocken, dann sind die Read Tea Leaves die perfekte Wahl! Read Tea Leaves Simrockstr.12a DE 80997 M\u00fcnchen +49&hellip; <\/p>\n<p><a class=\"more-link\" href=\"https:\/\/read-tea-leaves.de\/?page_id=386&#038;lang=de\">Kontakt weiterlesen<\/a><\/p>\n","protected":false},"author":1,"featured_media":0,"parent":384,"menu_order":0,"comment_status":"closed","ping_status":"closed","template":"","meta":{"ngg_post_thumbnail":0,"footnotes":""},"class_list":["post-386","page","type-page","status-publish","hentry"],"_links":{"self":[{"href":"https:\/\/read-tea-leaves.de\/index.php?rest_route=\/wp\/v2\/pages\/386","targetHints":{"allow":["GET"]}}],"collection":[{"href":"https:\/\/read-tea-leaves.de\/index.php?rest_route=\/wp\/v2\/pages"}],"about":[{"href":"https:\/\/read-tea-leaves.de\/index.php?rest_route=\/wp\/v2\/types\/page"}],"author":[{"embeddable":true,"href":"https:\/\/read-tea-leaves.de\/index.php?rest_route=\/wp\/v2\/users\/1"}],"replies":[{"embeddable":true,"href":"https:\/\/read-tea-leaves.de\/index.php?rest_route=%2Fwp%2Fv2%2Fcomments&post=386"}],"version-history":[{"count":2,"href":"https:\/\/read-tea-leaves.de\/index.php?rest_route=\/wp\/v2\/pages\/386\/revisions"}],"predecessor-version":[{"id":389,"href":"https:\/\/read-tea-leaves.de\/index.php?rest_route=\/wp\/v2\/pages\/386\/revisions\/389"}],"up":[{"embeddable":true,"href":"https:\/\/read-tea-leaves.de\/index.php?rest_route=\/wp\/v2\/pages\/384"}],"wp:attachment":[{"href":"https:\/\/read-tea-leaves.de\/index.php?rest_route=%2Fwp%2Fv2%2Fmedia&parent=386"}],"curies":[{"name":"wp","href":"https:\/\/api.w.org\/{rel}","templated":true}]}}